{"id":3,"date":"2024-05-21T06:48:33","date_gmt":"2024-05-21T06:48:33","guid":{"rendered":"https:\/\/abacenter.com.al\/?page_id=3"},"modified":"2024-07-31T07:53:20","modified_gmt":"2024-07-31T07:53:20","slug":"privacy-policy","status":"publish","type":"page","link":"https:\/\/abacenter.com.al\/en\/privacy-policy\/","title":{"rendered":"Privacy Policies"},"content":{"rendered":"<div class=\"text-content-inner\">\n<div style=\"height:31px\" aria-hidden=\"true\" class=\"wp-block-spacer\"><\/div>\n\n<p><strong>Politika e Privat\u00ebsis\u00eb s\u00eb ABA Business Center<\/strong><\/p>\n\n<ol class=\"wp-block-list\">\n<li><strong>Hyrje<\/strong><\/li>\n<\/ol>\n\n<p>Ne zotohemi t\u00eb ruajm\u00eb privat\u00ebsin\u00eb e vizitor\u00ebve t\u00eb faqes son\u00eb t\u00eb internetit. N\u00eb k\u00ebte dokument shpjegojm\u00eb se si e trajtojm\u00eb informacionin tuaj personal.<\/p>\n\n<ol start=\"2\" class=\"wp-block-list\">\n<li><strong>Mbledhja e informacionit personal<\/strong><\/li>\n<\/ol>\n\n<p>Ne mund t\u00eb mbledhim, ruajm\u00eb, dhe p\u00ebrdorim llojet e m\u00ebposhtme t\u00eb informacionit q\u00eb ju na ofroni vullnetarisht:<\/p>\n\n<ul class=\"wp-block-list\">\n<li>[informacion p\u00ebr kompjuterin tuaj, vizitat tuaja, p\u00ebrdorimin e k\u00ebsaj faqeje, p\u00ebrfshir\u00eb edhe adres\u00ebn e IP-s\u00eb, vendndodhjen gjeografike, llojin dhe versionin e shfletuesit t\u00eb internetit, sistemin operativ, burimin e rekomandimit, koh\u00ebzgjatjen e vizit\u00ebs, shikimin e faqes, dhe shtegun e navigimit)]<\/li>\n\n\n\n<li>[informacion q\u00eb ju na jepni p\u00ebr q\u00ebllime p\u00ebrfshirje n\u00eb list\u00ebn ton\u00eb t\u00eb emailit dhe njoftimeve (p\u00ebrfshir\u00eb emrin dhe adres\u00ebn e emailit tuaj]<\/li>\n<\/ul>\n\n<ol start=\"3\" class=\"wp-block-list\">\n<li><strong>P\u00ebrdorimi i informacionit personal<\/strong><\/li>\n<\/ol>\n\n<p>3.1&nbsp;&nbsp;&nbsp;&nbsp;&nbsp;&nbsp;&nbsp;&nbsp; Informacioni personal q\u00eb na dor\u00ebzohet n\u00ebp\u00ebrmjet faqes son\u00eb t\u00eb internetit do t\u00eb p\u00ebrdoret p\u00ebr q\u00ebllimet e p\u00ebrcaktuara n\u00eb k\u00ebt\u00eb politik\u00eb ose n\u00eb faqet qe kan\u00eb lidhje me faqen e internetit.<\/p>\n\n<p>3.2&nbsp;&nbsp;&nbsp;&nbsp;&nbsp;&nbsp; Ne mund ta p\u00ebrdorim informacionin tuaj personal:<\/p>\n\n<p>(a)&nbsp;&nbsp;&nbsp;&nbsp;&nbsp;&nbsp;&nbsp; [p\u00ebr t\u00eb administruar faqen ton\u00eb t\u00eb internetit dhe biznesin ton\u00eb]<\/p>\n\n<p>(b)&nbsp;&nbsp;&nbsp;&nbsp;&nbsp;&nbsp;&nbsp; [p\u00ebr t\u2019ju lejuar p\u00ebrdorimin e sh\u00ebrbimeve n\u00eb faqen ton\u00eb ]<\/p>\n\n<p>(c)&nbsp;&nbsp;&nbsp;&nbsp;&nbsp;&nbsp;&nbsp; [p\u00ebr t\u2019ju d\u00ebrguar komunikime q\u00eb s\u2019kan\u00eb lidhje me marketingun]<\/p>\n\n<p>(d)&nbsp;&nbsp;&nbsp;&nbsp;&nbsp;&nbsp;&nbsp; [p\u00ebr t\u2019ju d\u00ebrguar njoftime me email q\u00eb ju vet\u00eb i k\u00ebrkoni]<\/p>\n\n<p>(e)&nbsp;&nbsp;&nbsp;&nbsp;&nbsp;&nbsp;&nbsp; [p\u00ebr t\u2019ju d\u00ebrguar komunikime marketingu q\u00eb kan\u00eb lidhje me biznesin ton\u00eb [ose biznesin e filialeve tona dhe\/ose t\u00eb pal\u00ebve t\u00eb treta t\u00eb p\u00ebrzgjedhura me kujdes, p\u00ebr t\u00eb cilat ne mendojm\u00eb se mund t\u00eb jeni te interesuar dhe kur ju e keni pranuar posa\u00e7\u00ebrisht k\u00ebt\u00eb me email ose n\u00ebp\u00ebrmjet nj\u00eb teknologjie t\u00eb ngjashme (ju mund t\u00eb na informoni n\u00eb \u00e7do moment n\u00ebse nuk d\u00ebshironi te merrni njoftime marketingu)]<\/p>\n\n<p>(f)&nbsp;&nbsp;&nbsp;&nbsp;&nbsp;&nbsp; [p\u00ebr t\u2019u marr\u00eb me pyetjet apo ankesat e b\u00ebra q\u00eb kan\u00eb lidhje me faqen ton\u00eb t\u00eb internetit]<\/p>\n\n<p>(g)&nbsp;&nbsp;&nbsp;&nbsp;&nbsp;&nbsp;&nbsp; [p\u00ebr t\u00eb ruajtur sigurin\u00eb dhe parandaluar manipulimin e faqes son\u00eb]<\/p>\n\n<p>3.3&nbsp;&nbsp;&nbsp;&nbsp;&nbsp;&nbsp; Pa p\u00eblqimin tuaj t\u00eb shprehur, ne nuk do t\u00eb japim informacionin tuaj personal ndonj\u00eb pale t\u00eb tret\u00eb p\u00ebr q\u00ebllimet e tyre ose p\u00ebr q\u00ebllime t\u00eb marketingut t\u00eb tyre.<\/p>\n\n<ol start=\"4\" class=\"wp-block-list\">\n<li><strong>Dh\u00ebnia e informacionit personal<\/strong><\/li>\n<\/ol>\n\n<p>4.1&nbsp;&nbsp;&nbsp;&nbsp;&nbsp;&nbsp; Ne mund t\u2019u japim informacionin tuaj personal punonj\u00ebsve tan\u00eb, k\u00ebshilltar\u00ebve, agjent\u00ebve, furnizuesve ose n\u00ebnkontraktor\u00ebve p\u00ebr aq sa do jet\u00eb e arsyeshme p\u00ebr q\u00ebllimet e paraqitura n\u00eb k\u00ebt\u00eb politik\u00eb.<\/p>\n\n<p>4.2&nbsp;&nbsp;&nbsp;&nbsp;&nbsp;&nbsp; Ne mund t\u2019u japim informacionin tuaj personal cil\u00ebsdo prej filialeve tona, p\u00ebr aq sa \u00ebsht\u00eb e nevojshme p\u00ebr q\u00ebllimet e paraqitura n\u00eb k\u00ebt\u00eb politik\u00eb.<\/p>\n\n<p>4.3&nbsp;&nbsp;&nbsp;&nbsp;&nbsp; Ne mund t\u00eb japim informacionin tuaj personal:<\/p>\n\n<p>(a)&nbsp;&nbsp;&nbsp;&nbsp;&nbsp;&nbsp; p\u00ebr aq sa na k\u00ebrkon ligji<\/p>\n\n<p>(b)&nbsp;&nbsp;&nbsp;&nbsp;&nbsp;&nbsp; n\u00eb lidhje me proceset ligjore n\u00eb vazhdim ose ato t\u00eb mundshme<\/p>\n\n<p>(c)&nbsp;&nbsp;&nbsp;&nbsp;&nbsp;&nbsp; me q\u00ebllim q\u00eb t\u00eb p\u00ebrcaktojm\u00eb, ushtrojm\u00eb ose mbrojm\u00eb t\u00eb drejtat tona ligjore, p\u00ebrfshire k\u00ebtu edhe dh\u00ebnien e informacionit t\u00eb tjer\u00ebve me q\u00ebllim parandalimin e fallsifikimit dhe uljen e riskut t\u00eb kredis\u00eb<\/p>\n\n<p>4.4&nbsp;&nbsp;&nbsp;&nbsp;&nbsp;&nbsp; P\u00ebrve\u00e7se si\u00e7 p\u00ebrcaktohet n\u00eb k\u00ebt\u00eb politik\u00eb, ne nuk do t\u2019u japim informacionin tuaj pal\u00ebve t\u00eb treta.<\/p>\n\n<ol start=\"5\" class=\"wp-block-list\">\n<li><strong>Faqet e Internetit t\u00eb pal\u00ebve t\u00eb treta<\/strong><\/li>\n<\/ol>\n\n<p>5.1&nbsp;&nbsp;&nbsp;&nbsp;&nbsp;&nbsp; Faqja jon\u00eb mund t\u00eb p\u00ebrfshij\u00eb lidhje me ose t\u00eb jap\u00eb detaje t\u00eb faqeve t\u00eb internetit t\u00eb pal\u00ebve te treta<\/p>\n\n<p>5.2&nbsp;&nbsp;&nbsp;&nbsp;&nbsp;&nbsp; Ne nuk kemi kontroll dhe nuk mund t\u00eb jemi p\u00ebrgjegj\u00ebs p\u00ebr politikat e privat\u00ebsis\u00eb ose praktikat e pal\u00ebve t\u00eb treta.<\/p>\n\n<ol start=\"6\" class=\"wp-block-list\">\n<li><strong>Detaje<\/strong><\/li>\n<\/ol>\n\n<p>6.1&nbsp;&nbsp;&nbsp;&nbsp;&nbsp;&nbsp; Kjo faqe \u00ebsht\u00eb krijuar dhe drejtohet nga ABA Business Center\/Gener2 Shpk.<\/p>\n\n<p>6.2&nbsp;&nbsp;&nbsp;&nbsp;&nbsp;&nbsp; Selia e biznesit \u00ebsht\u00eb Rr. \u201cPapa Gjon Pali II\u201d, Kati 7, Tiran\u00eb, Shqip\u00ebri.<\/p>\n<\/div>","protected":false},"excerpt":{"rendered":"","protected":false},"author":1,"featured_media":0,"parent":0,"menu_order":0,"comment_status":"closed","ping_status":"closed","template":"about","meta":{"footnotes":""},"class_list":["post-3","page","type-page","status-publish","hentry"],"_links":{"self":[{"href":"https:\/\/abacenter.com.al\/en\/wp-json\/wp\/v2\/pages\/3","targetHints":{"allow":["GET"]}}],"collection":[{"href":"https:\/\/abacenter.com.al\/en\/wp-json\/wp\/v2\/pages"}],"about":[{"href":"https:\/\/abacenter.com.al\/en\/wp-json\/wp\/v2\/types\/page"}],"author":[{"embeddable":true,"href":"https:\/\/abacenter.com.al\/en\/wp-json\/wp\/v2\/users\/1"}],"replies":[{"embeddable":true,"href":"https:\/\/abacenter.com.al\/en\/wp-json\/wp\/v2\/comments?post=3"}],"version-history":[{"count":8,"href":"https:\/\/abacenter.com.al\/en\/wp-json\/wp\/v2\/pages\/3\/revisions"}],"predecessor-version":[{"id":1552,"href":"https:\/\/abacenter.com.al\/en\/wp-json\/wp\/v2\/pages\/3\/revisions\/1552"}],"wp:attachment":[{"href":"https:\/\/abacenter.com.al\/en\/wp-json\/wp\/v2\/media?parent=3"}],"curies":[{"name":"wp","href":"https:\/\/api.w.org\/{rel}","templated":true}]}}